{"id":11,"date":"2019-04-26T08:22:44","date_gmt":"2019-04-26T06:22:44","guid":{"rendered":"https:\/\/planhc.de\/?page_id=11"},"modified":"2020-02-22T15:41:17","modified_gmt":"2020-02-22T13:41:17","slug":"dorfentwicklung","status":"publish","type":"page","link":"https:\/\/planhc.de\/?page_id=11","title":{"rendered":"Dorfentwicklung"},"content":{"rendered":"\n<figure class=\"wp-block-image\"><img decoding=\"async\" loading=\"lazy\" width=\"4640\" height=\"1160\" src=\"https:\/\/planhc.de\/wp-content\/uploads\/2019\/07\/Banner_DE.jpg\" alt=\"\" class=\"wp-image-350\" srcset=\"https:\/\/planhc.de\/wp-content\/uploads\/2019\/07\/Banner_DE.jpg 4640w, https:\/\/planhc.de\/wp-content\/uploads\/2019\/07\/Banner_DE-300x75.jpg 300w, https:\/\/planhc.de\/wp-content\/uploads\/2019\/07\/Banner_DE-768x192.jpg 768w, https:\/\/planhc.de\/wp-content\/uploads\/2019\/07\/Banner_DE-1024x256.jpg 1024w, https:\/\/planhc.de\/wp-content\/uploads\/2019\/07\/Banner_DE-1920x480.jpg 1920w\" sizes=\"(max-width: 4640px) 100vw, 4640px\" \/><\/figure>\n\n\n\n<div class=\"wp-block-phc-section has-theme-grey\"><div class=\"wp-block-phc-section__inner\">\n<h4 class=\"wp-block-heading\">Was ist Dorfentwicklung?<\/h4>\n\n\n\n<p>Die Dorfentwicklung, auch Dorferneuerung genannt, ist Teil der Strukturpolitik der Bundesl\u00e4nder f\u00fcr den l\u00e4ndlichen Raum. Sie begleitet den Strukturwandel und f\u00f6rdert die Anpassung an die zuk\u00fcnftigen Anforderungen an das Dorf, sowohl als Wohn- und Arbeitsraum als auch in den sozialen und kulturellen Bereichen. Dabei soll die Eigenart der l\u00e4ndlichen Siedlungen im Rahmen ihrer regionalen Identit\u00e4t bewahrt werden. Zusammengefasst zielt die Dorferneuerung auf die Erhaltung und Verbesserung der \u00f6konomischen, \u00f6kologischen, \u00e4sthetischen und kulturellen Aspekte des Dorfes.<\/p>\n\n\n\n<p>Die konkreten Ma\u00dfnahmen der Dorferneuerung f\u00fcr den \u00f6ffentlichen Bereich orientieren sich an den Ergebnissen, die im Zuge der Dorferneuerungsplanung durch die Menschen im Dorf, die Arbeitskreise und die Planer erarbeitet wurden und schlie\u00dflich durch die politischen Gremien beschlossen worden sind. Kein anderes Planungsinstrument ist vergleichbar stark auf die intensive Beteiligung der Menschen vor Ort ausgerichtet.<\/p>\n\n\n\n<p>Mitbestimmend f\u00fcr die Identit\u00e4t und die Einzigartigkeit des Dorfes sind die landwirtschaftlichen Hofstellen und ortsbildpr\u00e4genden Geb\u00e4ude, deren Erscheinungsbild in wesentlichen Teilen auf den Bauformen und -traditionen aus historischer Zeit beruhen. Die Geb\u00e4ude mit ihren umgebenden Grundst\u00fccken befinden sich i. d. R. im Privatbesitz und k\u00f6nnen mit dem Ziel der Ortsbildpflege gestaltet bzw. saniert werden. Die Dorferneuerung ber\u00fccksichtigt \u00f6konomische, \u00f6kologische, \u00e4sthetische und kulturelle Zusammenh\u00e4nge des Dorfs gleicherma\u00dfen und zielt auf die Identifikation der Bewohner mit ihrer Heimat ab.<\/p>\n\n\n\n<p>Um die Entwicklung im Dorf in Gang zu bringen, f\u00f6rdern die L\u00e4nder die Dorferneuerung, die als Hilfe zur Selbsthilfe gedacht ist und daher die B\u00fcrger bef\u00e4higen soll, nach der F\u00f6rderungsphase die Entwicklung eigenverantwortlich und eigenfinanziert in die H\u00e4nde zu nehmen.<\/p>\n<\/div><\/div>\n\n\n\n<div class=\"wp-block-phc-section has-theme-white\"><div class=\"wp-block-phc-section__inner\">\n<h4 class=\"wp-block-heading\">Aufgaben und Ziele der Dorferneuerung<\/h4>\n\n\n\n<ul><li>Erarbeiten von Leitbild und Leitlinien f\u00fcr die k\u00fcnftige Entwicklung<\/li><li>Erhalt und Verbesserung der l\u00e4ndlichen Siedlung als Standort f\u00fcr land- und forstwirtschaftliche Betriebe<\/li><li>Verringerung des Arbeitsaufwands f\u00fcr land- und forstwirtschaftliche Betriebe<\/li><li>in Einklang bringen der Umweltauswirkungen land- und forstwirtschaftlicher Betriebe mit zeitgem\u00e4\u00dfen Wohnerfordernissen<\/li><li>Verbessern der Lebensverh\u00e4ltnisse b\u00e4uerlicher Familien<\/li><li>St\u00e4rken der allgemeinen Wirtschaftskraft des Dorfes<\/li><li>Sicherung der ortstypischen Bausubstanz (ggf. durch Umnutzung)<\/li><li>Wohnumfeldverbesserung<\/li><li>Bewahrung bzw. Wiederherstellung der d\u00f6rflichen \u00f6kologischen Eigenart und Vielfalt<\/li><li>Einbindung des Dorfs in die Landschaft<\/li><li>Ansto\u00df f\u00fcr weitere \u00f6ffentliche und private Investitionen<\/li><\/ul>\n\n\n\n<p>Planungen der Dorfentwicklung werden in&nbsp;Kooperation&nbsp;mit dem B\u00fcro <strong><a href=\"http:\/\/mensch-und-region.de\/\" target=\"_blank\" rel=\"noreferrer noopener\" aria-label=\"mensch und region (\u00f6ffnet in neuem Tab)\">mensch und region<\/a><\/strong>, Hannover angeboten. Zum Leistungsspektrum geh\u00f6rt die Antragstellung zur Aufnahme in das Landesprogramm, die Durchf\u00fchrung der Dorfentwicklungsplanung und die Umsetzungsbegleitung.<\/p>\n<\/div><\/div>\n\n\n\n<div class=\"wp-block-phc-section has-theme-grey\"><div class=\"wp-block-phc-section__inner\">\n<h4 class=\"wp-block-heading\">Auswahl aktueller Dorfentwicklungsverfahren<\/h4>\n\n\n\n<table class=\"wp-block-table is-style-stripes\"><tbody><tr><td>Dorfentwicklung, Verbunddorferneuerung Wiested\u00f6rfer<br>Gemeinde Ree\u00dfum<\/td><td>Start 2012<br>Verfahrensdauer* bis 2019<\/td><\/tr><tr><td>Dorfentwicklung Adelheidsdorf  &gt;&gt;  Umsetzungsbegleitung<br>Gemeinde Adelheidsdorf, Samtgemeinde Wathlingen<\/td><td>Start 2012<br>Verfahrensdauer* bis 2020<\/td><\/tr><tr><td>Dorfentwicklung Anemolter\/Schinna  &gt;&gt;  Umsetzungsbegleitung<br>Gemeinde Stolzenau, Samtgemeinde Mittelweser<\/td><td>Start 2013<br>Verfahrensdauer* bis 2021<\/td><\/tr><tr><td>Dorfentwicklung Agathenburg  &gt;&gt;  Umsetzungsbegleitung<br>Gemeinde Agathenburg, Samtgemeinde Horneburg<\/td><td>Start 2014<br>Verfahrensdauer* bis 2021<\/td><\/tr><tr><td><strong><a href=\"http:\/\/dorfregion-s\u00fcdharz.de\/\" target=\"_blank\" rel=\"noreferrer noopener\" aria-label=\" (\u00f6ffnet in neuem Tab)\">Dorfentwicklung S\u00fcdharz<\/a><\/strong>   &gt;&gt;  Umsetzungsbegleitung<br>Stadt Herzberg am Harz \/ Stadt Bad Lauterberg im Harz<\/td><td>Start 2014<br>Verfahrensdauer* bis 2022<\/td><\/tr><tr><td><strong><a href=\"http:\/\/walsroder-heidmark.de\/\" target=\"_blank\" rel=\"noreferrer noopener\" aria-label=\" (\u00f6ffnet in neuem Tab)\">Dorfentwicklung Walsroder Heidmark<\/a><\/strong>  &gt;&gt;  Umsetzungsbegleitung<br>Stadt Walsrode<\/td><td>Start 2015<br>Verfahrensdauer* bis 2021<\/td><\/tr><tr><td><strong><a href=\"http:\/\/weser-meerbach-region.de\/\" target=\"_blank\" rel=\"noreferrer noopener\" aria-label=\" (\u00f6ffnet in neuem Tab)\">Dorfentwicklung Weser-Meerbach-Region<\/a><\/strong>  &gt;&gt;  Umsetzungsbegleitung<br>Brokeloh (Gemeinde Landesbergen), Gemeinden Estorf, Husum und Leese<br>Samtgemeinde Mittelweser <\/td><td>Start 2015<br>Verfahrensdauer* bis 2022<\/td><\/tr><tr><td><strong><a href=\"http:\/\/selsingen-s\u00fcdgemeinden.de\/\" target=\"_blank\" rel=\"noreferrer noopener\" aria-label=\" (\u00f6ffnet in neuem Tab)\">Dorfentwicklung Selsingen S\u00fcdgemeinden<\/a><\/strong>  &gt;&gt;  Umsetzungsbegleitung<br>Gemeinden Rhade, Ostereistedt und Seedorf, Samtgemeinde Selsingen<\/td><td>Start 2016<br>Verfahrensdauer* bis 2022<\/td><\/tr><tr><td><a rel=\"noreferrer noopener\" aria-label=\"Dorfentwicklung Bergdorfregion Harz (\u00f6ffnet in neuem Tab)\" href=\"http:\/\/bergdorfregion.de\/\" target=\"_blank\"><strong>Dorfentwicklung Bergdorfregion Harz<\/strong><\/a>  &gt;&gt; Umsetzungsbegleitung<br>Stadt Herzberg am Harz \/ Stadt Braunlage<\/td><td>Start 2016<br>Verfahrensdauer*  bis 2023<\/td><\/tr><tr><td><a rel=\"noreferrer noopener\" aria-label=\"Dorfentwicklung Harzer Klosterd\u00f6rfer (\u00f6ffnet in neuem Tab)\" href=\"http:\/\/harzer-klosterd\u00f6rfer.de\/\" target=\"_blank\"><strong>Dorfentwicklung Harzer Klosterd\u00f6rfer<\/strong><\/a>  &gt;&gt; Umsetzungsbegleitung<br>Gemeinde Walkenried \/ Stadt Braunlage<\/td><td>Start 2017<br>Verfahrensdauer* bis 2025<\/td><\/tr><tr><td><a rel=\"noreferrer noopener\" aria-label=\"Dorfentwicklung Nottensdorf \/ Bliedersdorf (\u00f6ffnet in neuem Tab)\" href=\"http:\/\/noblie.de\/\" target=\"_blank\"><strong>Dorfentwicklung Nottensdorf \/ Bliedersdorf<\/strong><\/a>  &gt;&gt; Planungsphase<br>Gemeinden Nottensdorf und Bliedersdorf, SG Horneburg <\/td><td>Start 2019<\/td><\/tr><tr><td><a rel=\"noreferrer noopener\" aria-label=\"Dorfentwicklung Wiedau-Walsede (\u00f6ffnet in neuem Tab)\" href=\"https:\/\/wiedau-walsede.de\/\" target=\"_blank\"><strong>Dorfentwicklung Wiedau-Walsede<\/strong><\/a>  &gt;&gt; Planungsphase<br>Gemeinden  Bothel, Brokel, Hemsb\u00fcnde und Kirchwalsede, SG Bothel<\/td><td>Start 2019<\/td><\/tr><\/tbody><\/table>\n\n\n\n<p>\n* F\u00fcr die angegebene Verfahrensdauer kann keine Gew\u00e4hr \u00fcbernommen \nwerden. Die genauen Zeitr\u00e4ume sind beim zust\u00e4ndigen Amt f\u00fcr regionale \nLandesentwicklung (ArL) abzufragen.\n\n<\/p>\n<\/div><\/div>\n\n\n\n<p><\/p>\n","protected":false},"excerpt":{"rendered":"","protected":false},"author":2,"featured_media":0,"parent":7,"menu_order":0,"comment_status":"closed","ping_status":"closed","template":"","meta":[],"yoast_head":"<!-- This site is optimized with the Yoast SEO plugin v15.5 - https:\/\/yoast.com\/wordpress\/plugins\/seo\/ -->\n<title>Leistung Dorfentwicklung &bull; plan Hc<\/title>\n<meta name=\"robots\" content=\"index, follow, max-snippet:-1, max-image-preview:large, max-video-preview:-1\" \/>\n<link rel=\"canonical\" href=\"https:\/\/planhc.de\/?page_id=11\" \/>\n<meta property=\"og:locale\" content=\"de_DE\" \/>\n<meta property=\"og:type\" content=\"article\" \/>\n<meta property=\"og:title\" content=\"Leistung Dorfentwicklung &bull; plan Hc\" \/>\n<meta property=\"og:url\" content=\"https:\/\/planhc.de\/?page_id=11\" \/>\n<meta property=\"og:site_name\" content=\"plan Hc\" \/>\n<meta property=\"article:modified_time\" content=\"2020-02-22T13:41:17+00:00\" \/>\n<meta property=\"og:image\" content=\"https:\/\/planhc.de\/wp-content\/uploads\/2019\/07\/Banner_DE.jpg\" \/>\n<meta name=\"twitter:card\" content=\"summary_large_image\" \/>\n<meta name=\"twitter:label1\" content=\"Gesch\u00e4tzte Lesezeit\">\n\t<meta name=\"twitter:data1\" content=\"2\u00a0Minuten\">\n<script type=\"application\/ld+json\" class=\"yoast-schema-graph\">{\"@context\":\"https:\/\/schema.org\",\"@graph\":[{\"@type\":\"Organization\",\"@id\":\"https:\/\/planhc.de\/#organization\",\"name\":\"plan Hc\",\"url\":\"https:\/\/planhc.de\/\",\"sameAs\":[],\"logo\":{\"@type\":\"ImageObject\",\"@id\":\"https:\/\/planhc.de\/#logo\",\"inLanguage\":\"de\",\"url\":\"https:\/\/planhc.de\/wp-content\/uploads\/2019\/05\/planhc-logo.svg\",\"caption\":\"plan Hc\"},\"image\":{\"@id\":\"https:\/\/planhc.de\/#logo\"}},{\"@type\":\"WebSite\",\"@id\":\"https:\/\/planhc.de\/#website\",\"url\":\"https:\/\/planhc.de\/\",\"name\":\"plan Hc\",\"description\":\"Stadt- und Regionalplanung\",\"publisher\":{\"@id\":\"https:\/\/planhc.de\/#organization\"},\"potentialAction\":[{\"@type\":\"SearchAction\",\"target\":\"https:\/\/planhc.de\/?s={search_term_string}\",\"query-input\":\"required name=search_term_string\"}],\"inLanguage\":\"de\"},{\"@type\":\"ImageObject\",\"@id\":\"https:\/\/planhc.de\/?page_id=11#primaryimage\",\"inLanguage\":\"de\",\"url\":\"https:\/\/planhc.de\/wp-content\/uploads\/2019\/07\/Banner_DE.jpg\",\"width\":4640,\"height\":1160},{\"@type\":\"WebPage\",\"@id\":\"https:\/\/planhc.de\/?page_id=11#webpage\",\"url\":\"https:\/\/planhc.de\/?page_id=11\",\"name\":\"Leistung Dorfentwicklung &bull; plan Hc\",\"isPartOf\":{\"@id\":\"https:\/\/planhc.de\/#website\"},\"primaryImageOfPage\":{\"@id\":\"https:\/\/planhc.de\/?page_id=11#primaryimage\"},\"datePublished\":\"2019-04-26T06:22:44+00:00\",\"dateModified\":\"2020-02-22T13:41:17+00:00\",\"inLanguage\":\"de\",\"potentialAction\":[{\"@type\":\"ReadAction\",\"target\":[\"https:\/\/planhc.de\/?page_id=11\"]}]}]}<\/script>\n<!-- \/ Yoast SEO plugin. -->","_links":{"self":[{"href":"https:\/\/planhc.de\/index.php?rest_route=\/wp\/v2\/pages\/11"}],"collection":[{"href":"https:\/\/planhc.de\/index.php?rest_route=\/wp\/v2\/pages"}],"about":[{"href":"https:\/\/planhc.de\/index.php?rest_route=\/wp\/v2\/types\/page"}],"author":[{"embeddable":true,"href":"https:\/\/planhc.de\/index.php?rest_route=\/wp\/v2\/users\/2"}],"replies":[{"embeddable":true,"href":"https:\/\/planhc.de\/index.php?rest_route=%2Fwp%2Fv2%2Fcomments&post=11"}],"version-history":[{"count":16,"href":"https:\/\/planhc.de\/index.php?rest_route=\/wp\/v2\/pages\/11\/revisions"}],"predecessor-version":[{"id":459,"href":"https:\/\/planhc.de\/index.php?rest_route=\/wp\/v2\/pages\/11\/revisions\/459"}],"up":[{"embeddable":true,"href":"https:\/\/planhc.de\/index.php?rest_route=\/wp\/v2\/pages\/7"}],"wp:attachment":[{"href":"https:\/\/planhc.de\/index.php?rest_route=%2Fwp%2Fv2%2Fmedia&parent=11"}],"curies":[{"name":"wp","href":"https:\/\/api.w.org\/{rel}","templated":true}]}}