{"id":17,"date":"2019-04-26T08:26:11","date_gmt":"2019-04-26T06:26:11","guid":{"rendered":"https:\/\/planhc.de\/?page_id=17"},"modified":"2020-02-22T15:40:41","modified_gmt":"2020-02-22T13:40:41","slug":"buero","status":"publish","type":"page","link":"https:\/\/planhc.de\/?page_id=17","title":{"rendered":"B\u00fcro"},"content":{"rendered":"\n<figure class=\"wp-block-image\"><img decoding=\"async\" loading=\"lazy\" width=\"4640\" height=\"1160\" src=\"https:\/\/planhc.de\/wp-content\/uploads\/2019\/07\/Banner_b\u00fcro-1.jpg\" alt=\"\" class=\"wp-image-351\" srcset=\"https:\/\/planhc.de\/wp-content\/uploads\/2019\/07\/Banner_b\u00fcro-1.jpg 4640w, https:\/\/planhc.de\/wp-content\/uploads\/2019\/07\/Banner_b\u00fcro-1-300x75.jpg 300w, https:\/\/planhc.de\/wp-content\/uploads\/2019\/07\/Banner_b\u00fcro-1-768x192.jpg 768w, https:\/\/planhc.de\/wp-content\/uploads\/2019\/07\/Banner_b\u00fcro-1-1024x256.jpg 1024w, https:\/\/planhc.de\/wp-content\/uploads\/2019\/07\/Banner_b\u00fcro-1-1920x480.jpg 1920w\" sizes=\"(max-width: 4640px) 100vw, 4640px\" \/><\/figure>\n\n\n\n<div class=\"wp-block-phc-section has-theme-white\"><div class=\"wp-block-phc-section__inner\">\n<h4 class=\"wp-block-heading\"><strong>Prozessorientiertes B\u00fcro f\u00fcr Stadt- und Regionalplanung<br>mit den Aufgabenschwerpunkten  Dorfentwicklung  und Bauleitplanung<\/strong><\/h4>\n\n\n\n<div class=\"wp-block-image\"><figure class=\"alignleft is-resized\"><img decoding=\"async\" loading=\"lazy\" src=\"https:\/\/planhc.de\/wp-content\/uploads\/2019\/07\/Hc-WEB-819x1024.jpg\" alt=\"\" class=\"wp-image-386\" width=\"192\" height=\"240\" srcset=\"https:\/\/planhc.de\/wp-content\/uploads\/2019\/07\/Hc-WEB-819x1024.jpg 819w, https:\/\/planhc.de\/wp-content\/uploads\/2019\/07\/Hc-WEB-240x300.jpg 240w, https:\/\/planhc.de\/wp-content\/uploads\/2019\/07\/Hc-WEB-768x960.jpg 768w, https:\/\/planhc.de\/wp-content\/uploads\/2019\/07\/Hc-WEB.jpg 1602w\" sizes=\"(max-width: 192px) 100vw, 192px\" \/><\/figure><\/div>\n\n\n\n<p style=\"font-size:26px\"><br>Dipl.-Ing. Ivar Henckel <br>Architekt und Stadtplaner <br>selbst\u00e4ndig, freischaffend <\/p>\n<\/div><\/div>\n\n\n\n<div class=\"wp-block-phc-section has-theme-grey\"><div class=\"wp-block-phc-section__inner\">\n<h4 class=\"wp-block-heading\">Zusammenarbeit seit 2005<\/h4>\n\n\n\n<p><strong><a href=\"http:\/\/mensch-und-region.de\/\">mensch und region<\/a><\/strong> entwickelt, ber\u00e4t und begleitet Kommunen, Initiativen  und Netzwerke bei der nachhaltigen und integrierten Gestaltung ihrer  lokalen, regionalen Entwicklungsprozesse und ihrer  Organisationsentwicklung. <\/p>\n\n\n\n<div class=\"wp-block-media-text is-stacked-on-mobile\" style=\"grid-template-columns:24% auto\"><figure class=\"wp-block-media-text__media\"><img decoding=\"async\" loading=\"lazy\" width=\"472\" height=\"423\" src=\"https:\/\/planhc.de\/wp-content\/uploads\/2020\/02\/mundrlogo.gif\" alt=\"\" class=\"wp-image-455\"\/><\/figure><div class=\"wp-block-media-text__content\">\n<p>Seit 2005 findet im Arbeitsbereich Dorfentwicklung eine intensive Zusammenarbeit beider B\u00fcros statt. <\/p>\n\n\n\n<p>B\u00f6hm-Kleine-Limberg GbR <br>Lindener Markplatz 9<br>30449 Hannover<\/p>\n<\/div><\/div>\n\n\n\n<p><\/p>\n<\/div><\/div>\n\n\n\n<div class=\"wp-block-phc-section has-theme-white\"><div class=\"wp-block-phc-section__inner\">\n<h4 class=\"wp-block-heading\">Kunden<\/h4>\n\n\n\n<p>Alle Planungen verstehen sich als Dienstleistung und werden f\u00fcr Kommunen sowie f\u00fcr Investoren und Privatpersonen angeboten, die in Abstimmung mit den Kommunen Planungsleistungen in Auftrag geben wollen. <\/p>\n\n\n\n<p>Ich freue mich \u00fcber Kunden aus allen Bereichen:<\/p>\n\n\n\n<ul><li>Bau- und Stadtplanungs\u00e4mter der Kommunen<\/li><li>St\u00e4dtebauliche Sanierungs- und Entwicklungstr\u00e4ger<\/li><li>Investoren, Banken und Makler im Immobilienbereich  <\/li><li>Kollegen und Kooperationspartner <\/li><li>Privatpersonen<\/li><\/ul>\n\n\n\n<p><\/p>\n<\/div><\/div>\n\n\n\n<div class=\"wp-block-phc-section has-theme-grey\"><div class=\"wp-block-phc-section__inner\">\n<h4 class=\"wp-block-heading\">Kooperationen mit Fachplanern<\/h4>\n\n\n\n<p>Die Komplexit\u00e4t der Planungsaufgabe erfordert zumeist den interdisziplin\u00e4ren Austausch von Informationen, sowie die Vergabe von Teilleistungen an Fachplaner. Dabei besteht im Umkehrschluss ebenso die Chance, aus anderen Partnerb\u00fcros Teilauftr\u00e4ge zu akquirieren und an gr\u00f6\u00dferen Auftr\u00e4gen zu partizipieren. Eine Kooperation mit anderen Fachrichtungen des Ingenieurwesen geh\u00f6rt seither zum t\u00e4glichen Gesch\u00e4ft. Intensive Wechselwirkungen und Kontakte bestehen zu den Fachrichtungen:<\/p>\n\n\n\n<ul><li> Vermessungswesen <\/li><li> Gr\u00fcnplanung  \/  \u00d6kologie  \/  Landschaftsplanung  \/  Biologen<\/li><li> Tiefbau  \/  Verkehrsplanung <\/li><li> Hochbau  \/  Architektur <\/li><\/ul>\n\n\n\n<p><\/p>\n<\/div><\/div>\n\n\n\n<div class=\"wp-block-phc-section has-theme-white\"><div class=\"wp-block-phc-section__inner\">\n<h4 class=\"wp-block-heading\">Ausstattung und Technik<\/h4>\n\n\n\n<p>Die technische Ausstattung entspricht dem aktuellen Stand der Technik. Im B\u00fcro sind vorhanden:<\/p>\n\n\n\n<ul><li>PC und LaptopBeamer, Leinwand<\/li><li>Farblaserdrucker, DIN A4<\/li><li>Laserdrucker\/Scanner\/Kopierer, DIN A4 und DIN A3<\/li><li>Plotter DIN A1-Gro\u00dfformat<\/li><li>Telefon, Fax<\/li><li>Faxempfang im Online-Dienst<\/li><li>Overhead-Projektor <\/li><li>Planungssoftware und Bildbearbeitungsprogramme<ul><li>Autodesk &#8211; AutoCAD Map 3D <\/li><li>Eurogis &#8211; StadtCad Hippodamos <\/li><li>Office 365<\/li><li>PhotoShop &#8230;<\/li><\/ul><\/li><\/ul>\n<\/div><\/div>\n","protected":false},"excerpt":{"rendered":"","protected":false},"author":2,"featured_media":302,"parent":0,"menu_order":30,"comment_status":"closed","ping_status":"closed","template":"","meta":[],"yoast_head":"<!-- This site is optimized with the Yoast SEO plugin v15.5 - https:\/\/yoast.com\/wordpress\/plugins\/seo\/ -->\n<title>B\u00fcro &bull; plan Hc<\/title>\n<meta name=\"robots\" content=\"index, follow, max-snippet:-1, max-image-preview:large, max-video-preview:-1\" \/>\n<link rel=\"canonical\" href=\"https:\/\/planhc.de\/?page_id=17\" \/>\n<meta property=\"og:locale\" content=\"de_DE\" \/>\n<meta property=\"og:type\" content=\"article\" \/>\n<meta property=\"og:title\" content=\"B\u00fcro &bull; plan Hc\" \/>\n<meta property=\"og:url\" content=\"https:\/\/planhc.de\/?page_id=17\" \/>\n<meta property=\"og:site_name\" content=\"plan Hc\" \/>\n<meta property=\"article:modified_time\" content=\"2020-02-22T13:40:41+00:00\" \/>\n<meta property=\"og:image\" content=\"https:\/\/planhc.de\/wp-content\/uploads\/2019\/07\/Banner_b\u00fcro.jpg\" \/>\n\t<meta property=\"og:image:width\" content=\"2021\" \/>\n\t<meta property=\"og:image:height\" content=\"665\" \/>\n<meta name=\"twitter:card\" content=\"summary_large_image\" \/>\n<meta name=\"twitter:label1\" content=\"Gesch\u00e4tzte Lesezeit\">\n\t<meta name=\"twitter:data1\" content=\"1\u00a0Minute\">\n<script type=\"application\/ld+json\" class=\"yoast-schema-graph\">{\"@context\":\"https:\/\/schema.org\",\"@graph\":[{\"@type\":\"Organization\",\"@id\":\"https:\/\/planhc.de\/#organization\",\"name\":\"plan Hc\",\"url\":\"https:\/\/planhc.de\/\",\"sameAs\":[],\"logo\":{\"@type\":\"ImageObject\",\"@id\":\"https:\/\/planhc.de\/#logo\",\"inLanguage\":\"de\",\"url\":\"https:\/\/planhc.de\/wp-content\/uploads\/2019\/05\/planhc-logo.svg\",\"caption\":\"plan Hc\"},\"image\":{\"@id\":\"https:\/\/planhc.de\/#logo\"}},{\"@type\":\"WebSite\",\"@id\":\"https:\/\/planhc.de\/#website\",\"url\":\"https:\/\/planhc.de\/\",\"name\":\"plan Hc\",\"description\":\"Stadt- und Regionalplanung\",\"publisher\":{\"@id\":\"https:\/\/planhc.de\/#organization\"},\"potentialAction\":[{\"@type\":\"SearchAction\",\"target\":\"https:\/\/planhc.de\/?s={search_term_string}\",\"query-input\":\"required name=search_term_string\"}],\"inLanguage\":\"de\"},{\"@type\":\"ImageObject\",\"@id\":\"https:\/\/planhc.de\/?page_id=17#primaryimage\",\"inLanguage\":\"de\",\"url\":\"https:\/\/planhc.de\/wp-content\/uploads\/2019\/07\/Banner_b\\u00fcro.jpg\",\"width\":2021,\"height\":665},{\"@type\":\"WebPage\",\"@id\":\"https:\/\/planhc.de\/?page_id=17#webpage\",\"url\":\"https:\/\/planhc.de\/?page_id=17\",\"name\":\"B\\u00fcro &bull; plan Hc\",\"isPartOf\":{\"@id\":\"https:\/\/planhc.de\/#website\"},\"primaryImageOfPage\":{\"@id\":\"https:\/\/planhc.de\/?page_id=17#primaryimage\"},\"datePublished\":\"2019-04-26T06:26:11+00:00\",\"dateModified\":\"2020-02-22T13:40:41+00:00\",\"inLanguage\":\"de\",\"potentialAction\":[{\"@type\":\"ReadAction\",\"target\":[\"https:\/\/planhc.de\/?page_id=17\"]}]}]}<\/script>\n<!-- \/ Yoast SEO plugin. -->","_links":{"self":[{"href":"https:\/\/planhc.de\/index.php?rest_route=\/wp\/v2\/pages\/17"}],"collection":[{"href":"https:\/\/planhc.de\/index.php?rest_route=\/wp\/v2\/pages"}],"about":[{"href":"https:\/\/planhc.de\/index.php?rest_route=\/wp\/v2\/types\/page"}],"author":[{"embeddable":true,"href":"https:\/\/planhc.de\/index.php?rest_route=\/wp\/v2\/users\/2"}],"replies":[{"embeddable":true,"href":"https:\/\/planhc.de\/index.php?rest_route=%2Fwp%2Fv2%2Fcomments&post=17"}],"version-history":[{"count":36,"href":"https:\/\/planhc.de\/index.php?rest_route=\/wp\/v2\/pages\/17\/revisions"}],"predecessor-version":[{"id":458,"href":"https:\/\/planhc.de\/index.php?rest_route=\/wp\/v2\/pages\/17\/revisions\/458"}],"wp:featuredmedia":[{"embeddable":true,"href":"https:\/\/planhc.de\/index.php?rest_route=\/wp\/v2\/media\/302"}],"wp:attachment":[{"href":"https:\/\/planhc.de\/index.php?rest_route=%2Fwp%2Fv2%2Fmedia&parent=17"}],"curies":[{"name":"wp","href":"https:\/\/api.w.org\/{rel}","templated":true}]}}