{"id":2,"date":"2019-04-18T11:20:41","date_gmt":"2019-04-18T09:20:41","guid":{"rendered":"https:\/\/planhc.de\/?page_id=2"},"modified":"2024-02-09T23:14:27","modified_gmt":"2024-02-09T21:14:27","slug":"sample-page","status":"publish","type":"page","link":"https:\/\/planhc.de\/","title":{"rendered":"Herzlich Willkommen!"},"content":{"rendered":"\n<figure class=\"wp-block-image alignfull size-full\"><img decoding=\"async\" loading=\"lazy\" width=\"2560\" height=\"637\" src=\"https:\/\/planhc.de\/wp-content\/uploads\/2020\/04\/Panorama-Hc2a-1-scaled.jpg\" alt=\"\" class=\"wp-image-466\" srcset=\"https:\/\/planhc.de\/wp-content\/uploads\/2020\/04\/Panorama-Hc2a-1-scaled.jpg 2560w, https:\/\/planhc.de\/wp-content\/uploads\/2020\/04\/Panorama-Hc2a-1-300x75.jpg 300w, https:\/\/planhc.de\/wp-content\/uploads\/2020\/04\/Panorama-Hc2a-1-1024x255.jpg 1024w, https:\/\/planhc.de\/wp-content\/uploads\/2020\/04\/Panorama-Hc2a-1-768x191.jpg 768w, https:\/\/planhc.de\/wp-content\/uploads\/2020\/04\/Panorama-Hc2a-1-1536x382.jpg 1536w, https:\/\/planhc.de\/wp-content\/uploads\/2020\/04\/Panorama-Hc2a-1-2048x509.jpg 2048w\" sizes=\"(max-width: 2560px) 100vw, 2560px\" \/><\/figure>\n\n\n\n<div class=\"wp-block-phc-section has-theme-grey\"><div class=\"wp-block-phc-section__inner\">\n<p style=\"font-size:28px\">Auf den folgenden Seiten erhalten Sie Informationen \u00fcber<\/p>\n\n\n\n<figure class=\"wp-block-table is-style-regular\"><table><tbody><tr><td><strong><a href=\"https:\/\/planhc.de\/?page_id=11\">Leistungen<\/a><\/strong><\/td><td>Die Arbeitsgebiete des B\u00fcros, Kunden und Kooperationen <\/td><\/tr><tr><td><strong><a href=\"https:\/\/planhc.de\/?page_id=17\">B\u00fcro<\/a><\/strong><a href=\"https:\/\/planhc.de\/?page_id=17\"> <\/a><\/td><td>Allgemeine Informationen zum B\u00fcro, zur Technik und mehr<\/td><\/tr><\/tbody><\/table><\/figure>\n\n\n\n<p><\/p>\n<\/div><\/div>\n\n\n\n<div class=\"wp-block-phc-section has-theme-white\"><div class=\"wp-block-phc-section__inner\">\n<div class=\"wp-block-media-text alignfull is-stacked-on-mobile\" style=\"grid-template-columns:46% auto\"><figure class=\"wp-block-media-text__media\"><img decoding=\"async\" loading=\"lazy\" width=\"1024\" height=\"1024\" src=\"https:\/\/planhc.de\/wp-content\/uploads\/2019\/07\/P1080945q-1024x1024.jpg\" alt=\"\" class=\"wp-image-293 size-full\" srcset=\"https:\/\/planhc.de\/wp-content\/uploads\/2019\/07\/P1080945q-1024x1024.jpg 1024w, https:\/\/planhc.de\/wp-content\/uploads\/2019\/07\/P1080945q-150x150.jpg 150w, https:\/\/planhc.de\/wp-content\/uploads\/2019\/07\/P1080945q-300x300.jpg 300w, https:\/\/planhc.de\/wp-content\/uploads\/2019\/07\/P1080945q-768x768.jpg 768w, https:\/\/planhc.de\/wp-content\/uploads\/2019\/07\/P1080945q.jpg 1508w\" sizes=\"(max-width: 1024px) 100vw, 1024px\" \/><\/figure><div class=\"wp-block-media-text__content\">\n<p>Das Fachwissen und die langj\u00e4hrige Erfahrung in vielen Projekten von Entwicklungsplanung k\u00f6nnen zielf\u00fchrend f\u00fcr ihr Projekt in Ansatz gebracht werden. <\/p>\n\n\n\n<p>Habe ich Ihr Interesse geweckt?  <\/p>\n\n\n\n<p>Dann nehmen Sie Kontakt auf! Hierzu stehen Ihnen alle Methoden einer modernen Komunikation zur Verf\u00fcgung. <\/p>\n\n\n\n<p> Mit freundlichen Gr\u00fc\u00dfen<br><img decoding=\"async\" loading=\"lazy\" width=\"200\" height=\"52\" class=\"wp-image-170\" style=\"width: 180px;\" src=\"https:\/\/planhc.de\/wp-content\/uploads\/2019\/05\/persoenlicher_gruss.png\" alt=\"\"><\/p>\n<\/div><\/div>\n\n\n\n<p><\/p>\n<\/div><\/div>\n\n\n\n<div class=\"wp-block-phc-section has-theme-grey\"><div class=\"wp-block-phc-section__inner\">\n<h4 class=\"has-text-align-left wp-block-heading\">Aktuell \/ Download<\/h4>\n\n\n\n<p class=\"has-text-align-left\">Hier finden Sie ein <a rel=\"noreferrer noopener\" aria-label=\" (\u00f6ffnet in neuem Tab)\" href=\"https:\/\/planhc.de\/wp-content\/uploads\/2019\/07\/planhc-2019.pdf\" target=\"_blank\">aktuelles Informationsblatt<\/a> zum B\u00fcro<\/p>\n\n\n\n<p class=\"has-text-align-left\">Hier finden Sie den <a href=\"https:\/\/planhc.de\/?page_id=393\">Downloadbereich<\/a><\/p>\n<\/div><\/div>\n\n\n\n<div class=\"wp-block-phc-section has-theme-white\"><div class=\"wp-block-phc-section__inner\">\n<h4 class=\"wp-block-heading\">Mitgliedschaften<\/h4>\n\n\n\n<div class=\"wp-block-phc-memberships\">\n<figure class=\"wp-block-image is-resized\"><a href=\"http:\/\/www.aknds.de\" target=\"_blank\" rel=\"noreferrer noopener\"><img decoding=\"async\" loading=\"lazy\" src=\"https:\/\/planhc.de\/wp-content\/uploads\/2019\/07\/aknds.jpg\" alt=\"\" class=\"wp-image-446\" width=\"180\" height=\"61\"\/><\/a><figcaption>Architektenkammer Niedersachsen<\/figcaption><\/figure>\n\n\n\n<figure class=\"wp-block-image is-resized\"><a href=\"https:\/\/www.srl.de\/\" target=\"_blank\" rel=\"noreferrer noopener\"><img decoding=\"async\" loading=\"lazy\" src=\"https:\/\/planhc.de\/wp-content\/uploads\/2019\/07\/srl.jpg\" alt=\"\" class=\"wp-image-445\" width=\"180\" height=\"61\"\/><\/a><figcaption>Vereinigung f\u00fcr Stadt, Regional- und Landesplanung<\/figcaption><\/figure>\n\n\n\n<figure class=\"wp-block-image is-resized\"><a href=\"http:\/\/www.alr-niedersachsen.de\" target=\"_blank\" rel=\"noreferrer noopener\"><img decoding=\"async\" loading=\"lazy\" src=\"https:\/\/planhc.de\/wp-content\/uploads\/2019\/07\/ALR-NDS-1.jpg\" alt=\"\" class=\"wp-image-447\" width=\"180\" height=\"61\"\/><\/a><figcaption>Nieders\u00e4chische Akademie l\u00e4ndlicher Raum<\/figcaption><\/figure>\n<\/div>\n<\/div><\/div>\n","protected":false},"excerpt":{"rendered":"","protected":false},"author":2,"featured_media":0,"parent":0,"menu_order":0,"comment_status":"closed","ping_status":"closed","template":"","meta":[],"yoast_head":"<!-- This site is optimized with the Yoast SEO plugin v15.5 - https:\/\/yoast.com\/wordpress\/plugins\/seo\/ -->\n<title>Herzlich Willkommen! &bull; plan Hc<\/title>\n<meta name=\"robots\" content=\"index, follow, max-snippet:-1, max-image-preview:large, max-video-preview:-1\" \/>\n<link rel=\"canonical\" href=\"https:\/\/planhc.de\/\" \/>\n<meta property=\"og:locale\" content=\"de_DE\" \/>\n<meta property=\"og:type\" content=\"article\" \/>\n<meta property=\"og:title\" content=\"Herzlich Willkommen! &bull; plan Hc\" \/>\n<meta property=\"og:url\" content=\"https:\/\/planhc.de\/\" \/>\n<meta property=\"og:site_name\" content=\"plan Hc\" \/>\n<meta property=\"article:modified_time\" content=\"2024-02-09T21:14:27+00:00\" \/>\n<meta property=\"og:image\" content=\"https:\/\/planhc.de\/wp-content\/uploads\/2020\/04\/Panorama-Hc2a-1-scaled.jpg\" \/>\n<meta name=\"twitter:card\" content=\"summary_large_image\" \/>\n<meta name=\"twitter:label1\" content=\"Gesch\u00e4tzte Lesezeit\">\n\t<meta name=\"twitter:data1\" content=\"0\u00a0Minuten\">\n<script type=\"application\/ld+json\" class=\"yoast-schema-graph\">{\"@context\":\"https:\/\/schema.org\",\"@graph\":[{\"@type\":\"Organization\",\"@id\":\"https:\/\/planhc.de\/#organization\",\"name\":\"plan Hc\",\"url\":\"https:\/\/planhc.de\/\",\"sameAs\":[],\"logo\":{\"@type\":\"ImageObject\",\"@id\":\"https:\/\/planhc.de\/#logo\",\"inLanguage\":\"de\",\"url\":\"https:\/\/planhc.de\/wp-content\/uploads\/2019\/05\/planhc-logo.svg\",\"caption\":\"plan Hc\"},\"image\":{\"@id\":\"https:\/\/planhc.de\/#logo\"}},{\"@type\":\"WebSite\",\"@id\":\"https:\/\/planhc.de\/#website\",\"url\":\"https:\/\/planhc.de\/\",\"name\":\"plan Hc\",\"description\":\"Stadt- und Regionalplanung\",\"publisher\":{\"@id\":\"https:\/\/planhc.de\/#organization\"},\"potentialAction\":[{\"@type\":\"SearchAction\",\"target\":\"https:\/\/planhc.de\/?s={search_term_string}\",\"query-input\":\"required name=search_term_string\"}],\"inLanguage\":\"de\"},{\"@type\":\"ImageObject\",\"@id\":\"https:\/\/planhc.de\/#primaryimage\",\"inLanguage\":\"de\",\"url\":\"https:\/\/planhc.de\/wp-content\/uploads\/2020\/04\/Panorama-Hc2a-1-scaled.jpg\",\"width\":2560,\"height\":637},{\"@type\":\"WebPage\",\"@id\":\"https:\/\/planhc.de\/#webpage\",\"url\":\"https:\/\/planhc.de\/\",\"name\":\"Herzlich Willkommen! &bull; plan Hc\",\"isPartOf\":{\"@id\":\"https:\/\/planhc.de\/#website\"},\"primaryImageOfPage\":{\"@id\":\"https:\/\/planhc.de\/#primaryimage\"},\"datePublished\":\"2019-04-18T09:20:41+00:00\",\"dateModified\":\"2024-02-09T21:14:27+00:00\",\"inLanguage\":\"de\",\"potentialAction\":[{\"@type\":\"ReadAction\",\"target\":[\"https:\/\/planhc.de\/\"]}]}]}<\/script>\n<!-- \/ Yoast SEO plugin. -->","_links":{"self":[{"href":"https:\/\/planhc.de\/index.php?rest_route=\/wp\/v2\/pages\/2"}],"collection":[{"href":"https:\/\/planhc.de\/index.php?rest_route=\/wp\/v2\/pages"}],"about":[{"href":"https:\/\/planhc.de\/index.php?rest_route=\/wp\/v2\/types\/page"}],"author":[{"embeddable":true,"href":"https:\/\/planhc.de\/index.php?rest_route=\/wp\/v2\/users\/2"}],"replies":[{"embeddable":true,"href":"https:\/\/planhc.de\/index.php?rest_route=%2Fwp%2Fv2%2Fcomments&post=2"}],"version-history":[{"count":43,"href":"https:\/\/planhc.de\/index.php?rest_route=\/wp\/v2\/pages\/2\/revisions"}],"predecessor-version":[{"id":483,"href":"https:\/\/planhc.de\/index.php?rest_route=\/wp\/v2\/pages\/2\/revisions\/483"}],"wp:attachment":[{"href":"https:\/\/planhc.de\/index.php?rest_route=%2Fwp%2Fv2%2Fmedia&parent=2"}],"curies":[{"name":"wp","href":"https:\/\/api.w.org\/{rel}","templated":true}]}}