{"id":3,"date":"2019-04-18T11:20:41","date_gmt":"2019-04-18T09:20:41","guid":{"rendered":"https:\/\/planhc.de\/?page_id=3"},"modified":"2025-07-27T16:37:15","modified_gmt":"2025-07-27T14:37:15","slug":"impressum-datenschutz","status":"publish","type":"page","link":"https:\/\/planhc.de\/?page_id=3","title":{"rendered":"Impressum"},"content":{"rendered":"\n<div class=\"wp-block-phc-section has-theme-white\"><div class=\"wp-block-phc-section__inner\">\n<p><\/p>\n\n\n\n<h4 class=\"wp-block-heading\">Verantwortlich f\u00fcr den Inhalt<\/h4>\n\n\n\n<p><strong>\u00b7\u00b7 plan Hc \u00b7\u00b7 <\/strong> Stadt- und Regionalplanung\u00a0<br>Inhaber: Architekt Dipl.-Ing. Ivar Henckel, Schmiedeweg 2, 31542 Bad Nenndorf\u00a0<br>FA Stadthagen 2344, Steuernummer 44\/117\/08174, USt-IdNr. DE401372477<br>Telefon:(+49) 05723 \u2013 74 99 99-9<br>Mailadresse: henckel@planhc.de<\/p>\n\n\n\n<h4 class=\"wp-block-heading\">Haftungsausschluss<\/h4>\n\n\n\n<p>Eine Haftung f\u00fcr die Richtigkeit dieser Ver\u00f6ffentlichungen kann trotz sorgf\u00e4ltiger Pr\u00fcfung nicht \u00fcbernommen werden.<\/p>\n\n\n\n<h4 class=\"wp-block-heading\">Verlinkung<\/h4>\n\n\n\n<p>Mit Urteil vom 12. Mai 1998 (Aktenzeichen 312 0 85\/98 : &#8222;Haftung f\u00fcr Links&#8220;) hat das Landgericht Hamburg entschieden, dass man durch die Ausbringung eines Links die Inhalte der gelinkten Seite ggf. mit zu verantworten hat. Dies kann &#8211; so das LG &#8211; nur dadurch verhindert werden, dass man sich ausdr\u00fccklich von diesen Inhalten distanziert. Auf diesen Seiten sind verschiedene Links zu anderen Seiten im Internet untergebracht. F\u00fcr all diese Links gilt: Ich m\u00f6chte hiermit ausdr\u00fccklich betonen, dass ich keinerlei Einfluss auf die Gestaltung und die Inhalte der gelinkten Seiten habe. Deshalb distanziere ich mich hiermit ausdr\u00fccklich von allen Inhalten aller gelinkten Seiten auf dieser Homepage. Diese Erkl\u00e4rung gilt f\u00fcr alle auf dieser Homepage ausgebrachten Links.<\/p>\n\n\n\n<h4 class=\"wp-block-heading\">Urheberrecht<\/h4>\n\n\n\n<p>Alle abgebildeten kreativen Arbeiten und Produkte sind (soweit nicht anders gekennzeichnet) das geistige Eigentum von  <strong>\u00b7\u00b7 plan Hc \u00b7\u00b7 <\/strong> Stadt- und Regionalplanung und gem\u00e4\u00df den entsprechenden \u00a7\u00a7 des UhrG gesch\u00fctzt. Kopien (ganz oder teilweise), Nachahmungen, private oder kommerzielle Weiterverwendung sowie Verarbeitung sind ohne vorherige schriftliche Zustimmung untersagt. Alle Elemente dieser Internet-Pr\u00e4senz sind urheberrechtlich gesch\u00fctzt (gem\u00e4\u00df den entsprechenden \u00a7\u00a7 des UhrG). Jegliche Weiterverwendung oder Nachahmung und Kopie sind ohne vorherige Genehmigung des Autors\/Webmasters untersagt.<\/p>\n\n\n\n<h4 class=\"wp-block-heading\">Architektenrecht<\/h4>\n\n\n\n<p>Der Architekt Dipl.-Ing. Ivar Henckel ist Mitglied der Architektenkammer Niedersachsen, Friedrichswall 5, 30159 Hannover. Die Berechtigung zur F\u00fchrung der Berufsbezeichnungen &#8222;Architekt&#8220; und &#8222;Stadtplaner&#8220; ergibt sich aus der Eintragung in die Architektenliste der Architektenkammer Niedersachsen (Bundesrepublik Deutschland). Architekten und Stadtplaner unterliegen den berufsrechtlichen Regelungen des nieders\u00e4chsischen Architektengesetzes (NArchtG). Der Text des NArchtG kann eingesehen werden \u00fcber die Homepage der Architektenkammer Niedersachsen unter&nbsp;<a rel=\"noreferrer noopener\" href=\"http:\/\/www.aknds.de\/fileadmin\/pdf\/servicedb\/00031-narchtg.03.pdf\" target=\"_blank\">www.aknds.de<\/a><\/p>\n\n\n\n<p>Eintragung in Architektenliste der Architektenkammer Niedersachsen:<br>als Architekt &gt;&gt; AKN-EL: 16900<br>als Stadtplaner &gt;&gt; AKN-EL: 17845<\/p>\n\n\n\n<h4 class=\"wp-block-heading\">Rechtswirksamkeit<\/h4>\n\n\n\n<p>Dieser Haftungsausschluss ist Teil des Internetangebotes des B\u00fcro f\u00fcr Stadtplanung. Sofern einzelne Formulierungen oder Teile dieses Textes der geltenden Rechtslage nicht mehr oder nicht mehr vollst\u00e4ndig entsprechen, bleiben die \u00fcbrigen Teile dieser Erkl\u00e4rung davon unber\u00fchrt.<\/p>\n<\/div><\/div>\n","protected":false},"excerpt":{"rendered":"","protected":false},"author":2,"featured_media":0,"parent":358,"menu_order":0,"comment_status":"closed","ping_status":"closed","template":"","meta":[],"yoast_head":"<!-- This site is optimized with the Yoast SEO plugin v15.5 - https:\/\/yoast.com\/wordpress\/plugins\/seo\/ -->\n<title>Impressum &bull; plan Hc<\/title>\n<meta name=\"robots\" content=\"index, follow, max-snippet:-1, max-image-preview:large, max-video-preview:-1\" \/>\n<link rel=\"canonical\" href=\"https:\/\/planhc.de\/?page_id=3\" \/>\n<meta property=\"og:locale\" content=\"de_DE\" \/>\n<meta property=\"og:type\" content=\"article\" \/>\n<meta property=\"og:title\" content=\"Impressum &bull; plan Hc\" \/>\n<meta property=\"og:url\" content=\"https:\/\/planhc.de\/?page_id=3\" \/>\n<meta property=\"og:site_name\" content=\"plan Hc\" \/>\n<meta property=\"article:modified_time\" content=\"2025-07-27T14:37:15+00:00\" \/>\n<meta name=\"twitter:card\" content=\"summary_large_image\" \/>\n<meta name=\"twitter:label1\" content=\"Gesch\u00e4tzte Lesezeit\">\n\t<meta name=\"twitter:data1\" content=\"1\u00a0Minute\">\n<script type=\"application\/ld+json\" class=\"yoast-schema-graph\">{\"@context\":\"https:\/\/schema.org\",\"@graph\":[{\"@type\":\"Organization\",\"@id\":\"https:\/\/planhc.de\/#organization\",\"name\":\"plan Hc\",\"url\":\"https:\/\/planhc.de\/\",\"sameAs\":[],\"logo\":{\"@type\":\"ImageObject\",\"@id\":\"https:\/\/planhc.de\/#logo\",\"inLanguage\":\"de\",\"url\":\"https:\/\/planhc.de\/wp-content\/uploads\/2019\/05\/planhc-logo.svg\",\"caption\":\"plan Hc\"},\"image\":{\"@id\":\"https:\/\/planhc.de\/#logo\"}},{\"@type\":\"WebSite\",\"@id\":\"https:\/\/planhc.de\/#website\",\"url\":\"https:\/\/planhc.de\/\",\"name\":\"plan Hc\",\"description\":\"Stadt- und Regionalplanung\",\"publisher\":{\"@id\":\"https:\/\/planhc.de\/#organization\"},\"potentialAction\":[{\"@type\":\"SearchAction\",\"target\":\"https:\/\/planhc.de\/?s={search_term_string}\",\"query-input\":\"required name=search_term_string\"}],\"inLanguage\":\"de\"},{\"@type\":\"WebPage\",\"@id\":\"https:\/\/planhc.de\/?page_id=3#webpage\",\"url\":\"https:\/\/planhc.de\/?page_id=3\",\"name\":\"Impressum &bull; plan Hc\",\"isPartOf\":{\"@id\":\"https:\/\/planhc.de\/#website\"},\"datePublished\":\"2019-04-18T09:20:41+00:00\",\"dateModified\":\"2025-07-27T14:37:15+00:00\",\"inLanguage\":\"de\",\"potentialAction\":[{\"@type\":\"ReadAction\",\"target\":[\"https:\/\/planhc.de\/?page_id=3\"]}]}]}<\/script>\n<!-- \/ Yoast SEO plugin. -->","_links":{"self":[{"href":"https:\/\/planhc.de\/index.php?rest_route=\/wp\/v2\/pages\/3"}],"collection":[{"href":"https:\/\/planhc.de\/index.php?rest_route=\/wp\/v2\/pages"}],"about":[{"href":"https:\/\/planhc.de\/index.php?rest_route=\/wp\/v2\/types\/page"}],"author":[{"embeddable":true,"href":"https:\/\/planhc.de\/index.php?rest_route=\/wp\/v2\/users\/2"}],"replies":[{"embeddable":true,"href":"https:\/\/planhc.de\/index.php?rest_route=%2Fwp%2Fv2%2Fcomments&post=3"}],"version-history":[{"count":11,"href":"https:\/\/planhc.de\/index.php?rest_route=\/wp\/v2\/pages\/3\/revisions"}],"predecessor-version":[{"id":488,"href":"https:\/\/planhc.de\/index.php?rest_route=\/wp\/v2\/pages\/3\/revisions\/488"}],"up":[{"embeddable":true,"href":"https:\/\/planhc.de\/index.php?rest_route=\/wp\/v2\/pages\/358"}],"wp:attachment":[{"href":"https:\/\/planhc.de\/index.php?rest_route=%2Fwp%2Fv2%2Fmedia&parent=3"}],"curies":[{"name":"wp","href":"https:\/\/api.w.org\/{rel}","templated":true}]}}